{"id":12343,"date":"2026-04-01T16:07:44","date_gmt":"2026-04-01T14:07:44","guid":{"rendered":"https:\/\/www.rentnavigare.it\/contatti\/"},"modified":"2026-04-15T17:06:26","modified_gmt":"2026-04-15T15:06:26","slug":"kontakte","status":"publish","type":"page","link":"https:\/\/www.rentnavigare.it\/de\/kontakte\/","title":{"rendered":"Kontakte"},"content":{"rendered":"\t\t<div data-elementor-type=\"wp-page\" data-elementor-id=\"12343\" class=\"elementor elementor-12343 elementor-1383\">\n\t\t\t\t<div class=\"elementor-element elementor-element-a628baf e-flex e-con-boxed tm-col-stretched-none tm-bg-color-over-image e-con e-parent\" data-id=\"a628baf\" data-element_type=\"container\" data-e-type=\"container\" data-settings=\"{&quot;background_background&quot;:&quot;classic&quot;}\">\n\t\t\t\t\t<div class=\"e-con-inner\">\n\t\t<div class=\"elementor-element elementor-element-a0e52b7 e-con-full e-flex tm-col-stretched-none tm-bg-color-over-image e-con e-child\" data-id=\"a0e52b7\" data-element_type=\"container\" data-e-type=\"container\">\n\t\t<div class=\"elementor-element elementor-element-b367241 e-con-full e-flex tm-col-stretched-none tm-bg-color-over-image e-con e-child\" data-id=\"b367241\" data-element_type=\"container\" data-e-type=\"container\">\n\t\t\t\t<div class=\"elementor-element elementor-element-b576f9b horizontal-line-align-left vertical-line-align-bottom elementor-widget elementor-widget-tm-ele-section-title\" data-id=\"b576f9b\" data-element_type=\"widget\" data-e-type=\"widget\" data-widget_type=\"tm-ele-section-title.default\">\n\t\t\t\t<div class=\"elementor-widget-container\">\n\t\t\t\t\t<div class=\"tm-sc-section-title section-title \">\r\n\t<div class=\"title-wrapper\">\r\n\t\t\t\t\r\n\r\n<div class=\"sub-title-outer\">\r\n\t\t<h6 class=\"subtitle \">\r\n\r\n\t\t\r\n\t\tSchreiben Sie uns\t<\/h6>\r\n\t<\/div>\t\t\t<h2 class=\"title \">\r\n\r\n\t\t\r\n\t\t\t\t<span class=\"title-part1 \">F\u00fcllen Sie das Anfrageformular aus<\/span>\r\n\t\t\t\t\r\n\t\t\r\n\t<\/h2>\r\n\t<div class=\"title-seperator-line\"><\/div>\t\t\t\t\t\t<\/div>\r\n<\/div>\t\t\t\t<\/div>\n\t\t\t\t<\/div>\n\t\t\t\t<div class=\"elementor-element elementor-element-afa9432 tm-contact-form-7-button-align-left tm-contact-form-7-button-custom elementor-widget elementor-widget-tm-ele-contact-form-7\" data-id=\"afa9432\" data-element_type=\"widget\" data-e-type=\"widget\" data-widget_type=\"tm-ele-contact-form-7.default\">\n\t\t\t\t<div class=\"elementor-widget-container\">\n\t\t\t\t\t<div class=\"tm-contact-form-7-wrapper\">\r\n\t\t\t\t<div class=\"tm-contact-form tm-contact-form-7 tm-contact-form-afa9432 placeholder-show tm-contact-form-align-default\">\n<div class=\"wpcf7 no-js\" id=\"wpcf7-f12263-o1\" lang=\"de-DE\" dir=\"ltr\" data-wpcf7-id=\"12263\">\n<div class=\"screen-reader-response\"><p role=\"status\" aria-live=\"polite\" aria-atomic=\"true\"><\/p> <ul><\/ul><\/div>\n<form action=\"\/de\/wp-json\/wp\/v2\/pages\/12343#wpcf7-f12263-o1\" method=\"post\" class=\"wpcf7-form init\" aria-label=\"Kontaktformular\" novalidate=\"novalidate\" data-status=\"init\">\n<fieldset class=\"hidden-fields-container\"><input type=\"hidden\" name=\"_wpcf7\" value=\"12263\" \/><input type=\"hidden\" name=\"_wpcf7_version\" value=\"6.1.5\" \/><input type=\"hidden\" name=\"_wpcf7_locale\" value=\"de_DE\" \/><input type=\"hidden\" name=\"_wpcf7_unit_tag\" value=\"wpcf7-f12263-o1\" \/><input type=\"hidden\" name=\"_wpcf7_container_post\" value=\"0\" \/><input type=\"hidden\" name=\"_wpcf7_posted_data_hash\" value=\"\" \/><input type=\"hidden\" name=\"_wpcf7_recaptcha_response\" value=\"\" \/>\n<\/fieldset>\n<div class=\"contact\">\n  <div class=\"row g-3\">\n    <div class=\"col-sm-12\">\n        <div class=\"chekk\">\n        Ich bin interessiert an: <span class=\"wpcf7-form-control-wrap\" data-name=\"interesse\"><span class=\"wpcf7-form-control wpcf7-checkbox\"><span class=\"wpcf7-list-item first\"><label><input type=\"checkbox\" name=\"interesse[]\" value=\"Schlauchboot- oder Bootsverleih\" \/><span class=\"wpcf7-list-item-label\">Schlauchboot- oder Bootsverleih<\/span><\/label><\/span><span class=\"wpcf7-list-item last\"><label><input type=\"checkbox\" name=\"interesse[]\" value=\"Liegepl\u00e4tze\" \/><span class=\"wpcf7-list-item-label\">Liegepl\u00e4tze<\/span><\/label><\/span><\/span><\/span>\n        <\/div>\n    <\/div>\n    <div class=\"col-sm-6\">\n        <span class=\"wpcf7-form-control-wrap\" data-name=\"nome\"><input size=\"40\" maxlength=\"400\" class=\"wpcf7-form-control wpcf7-text wpcf7-validates-as-required form-control\" aria-required=\"true\" aria-invalid=\"false\" placeholder=\"Name *\" value=\"\" type=\"text\" name=\"nome\" \/><\/span>\n    <\/div>\n    <div class=\"col-sm-6\">\n        <span class=\"wpcf7-form-control-wrap\" data-name=\"cognome\"><input size=\"40\" maxlength=\"400\" class=\"wpcf7-form-control wpcf7-text wpcf7-validates-as-required form-control\" aria-required=\"true\" aria-invalid=\"false\" placeholder=\"Nachname *\" value=\"\" type=\"text\" name=\"cognome\" \/><\/span>\n    <\/div>\n    <div class=\"col-sm-6\">\n        <span class=\"wpcf7-form-control-wrap\" data-name=\"mail\"><input size=\"40\" maxlength=\"400\" class=\"wpcf7-form-control wpcf7-email wpcf7-validates-as-required wpcf7-text wpcf7-validates-as-email form-control\" aria-required=\"true\" aria-invalid=\"false\" placeholder=\"E-Mail *\" value=\"\" type=\"email\" name=\"mail\" \/><\/span>\n    <\/div>\n    <div class=\"col-sm-6\">\n        <span class=\"wpcf7-form-control-wrap\" data-name=\"telefono\"><input size=\"40\" maxlength=\"400\" class=\"wpcf7-form-control wpcf7-text wpcf7-validates-as-required form-control\" aria-required=\"true\" aria-invalid=\"false\" placeholder=\"Telefon *\" value=\"\" type=\"text\" name=\"telefono\" \/><\/span>\n    <\/div>\n    <div class=\"col-sm-12\">\n        <span class=\"wpcf7-form-control-wrap\" data-name=\"messaggio\"><textarea cols=\"40\" rows=\"7\" maxlength=\"2000\" class=\"wpcf7-form-control wpcf7-textarea wpcf7-validates-as-required form-control\" aria-required=\"true\" aria-invalid=\"false\" placeholder=\"Nachricht *\" name=\"messaggio\"><\/textarea><\/span>\n    <\/div>\n    <div class=\"col-sm-12\">\n        <div class=\"quform-input\"><span class=\"wpcf7-form-control-wrap\" data-name=\"privacy\"><span class=\"wpcf7-form-control wpcf7-acceptance\"><span class=\"wpcf7-list-item\"><label><input type=\"checkbox\" name=\"privacy\" value=\"1\" aria-invalid=\"false\" \/><span class=\"wpcf7-list-item-label\">Ich best\u00e4tige den Erhalt der folgenden Informationen.<\/span><\/label><\/span><\/span><\/span><p style=\"font-size:0.8em; line-height: 1.2em; opacity: 0.5;\">Wir informieren Sie dar\u00fcber, dass Ihre Daten gem\u00e4\u00df den Bestimmungen der geltenden Datenschutzgesetzgebung (EU-Verordnung Nr. 679\/2016) elektronisch verarbeitet werden. Dies dient ausschlie\u00dflich dazu, Ihnen die angeforderten Informationen bereitzustellen und gegebenenfalls Reservierungen f\u00fcr Zimmer und andere Leistungen abzuschlie\u00dfen\/zu best\u00e4tigen. Ausf\u00fchrliche Informationen zu den Methoden und Zwecken der Datenverarbeitung finden Sie in unserer Datenschutzerkl\u00e4rung.\nSie k\u00f6nnen jederzeit die L\u00f6schung Ihrer Daten beantragen. Bitte beachten Sie au\u00dferdem, dass Sie mindestens 16 Jahre alt sein m\u00fcssen, um in die Verarbeitung Ihrer personenbezogenen Daten einzuwilligen.<\/p><\/div>\n    <\/div>\n    <div class=\"col-sm-12\">\n        <input class=\"wpcf7-form-control wpcf7-submit has-spinner btn btn-theme-colored2\" type=\"submit\" value=\"Senden\" \/>\n    <\/div>\n  <\/div>\n<\/div><div class=\"wpcf7-response-output\" aria-hidden=\"true\"><\/div>\n<\/form>\n<\/div>\n<\/div>\r\n\t\t\t<\/div>\t\t\t\t<\/div>\n\t\t\t\t<\/div>\n\t\t\t\t<\/div>\n\t\t<div class=\"elementor-element elementor-element-5c1c509 e-con-full tm-col-stretched-none e-flex tm-bg-color-over-image e-con e-child\" data-id=\"5c1c509\" data-element_type=\"container\" data-e-type=\"container\">\n\t\t\t\t<div class=\"elementor-element elementor-element-f912cd5 horizontal-line-align-left vertical-line-align-bottom elementor-widget elementor-widget-tm-ele-section-title\" data-id=\"f912cd5\" data-element_type=\"widget\" data-e-type=\"widget\" data-widget_type=\"tm-ele-section-title.default\">\n\t\t\t\t<div class=\"elementor-widget-container\">\n\t\t\t\t\t<div class=\"tm-sc-section-title section-title \">\r\n\t<div class=\"title-wrapper\">\r\n\t\t\t\t\r\n\r\n<div class=\"sub-title-outer\">\r\n\t\t<h6 class=\"subtitle \">\r\n\r\n\t\t\r\n\t\tBen\u00f6tigen Sie Hilfe?\t<\/h6>\r\n\t<\/div>\t\t\t<h3 class=\"title \">\r\n\r\n\t\t\r\n\t\t\t\t<span class=\"title-part1 \">Kontaktieren Sie uns<\/span>\r\n\t\t\t\t\r\n\t\t\r\n\t<\/h3>\r\n\t<div class=\"title-seperator-line\"><\/div>\t\t\t\t\t\t<\/div>\r\n<\/div>\t\t\t\t<\/div>\n\t\t\t\t<\/div>\n\t\t\t\t<div class=\"elementor-element elementor-element-1cd0fa9 elementor-widget elementor-widget-tm-ele-text-editor\" data-id=\"1cd0fa9\" data-element_type=\"widget\" data-e-type=\"widget\" data-widget_type=\"tm-ele-text-editor.default\">\n\t\t\t\t<div class=\"elementor-widget-container\">\n\t\t\t\t\t\t\t<div class=\"tm-text-editor\">\r\n\t\tWir helfen Ihnen gerne und beantworten Ihre Fragen. Wir melden uns schnellstm\u00f6glich bei Ihnen.\t\t<\/div>\r\n\t\t\t\t\t<\/div>\n\t\t\t\t<\/div>\n\t\t\t\t<div class=\"elementor-element elementor-element-8dfbf31 elementor-widget elementor-widget-tm-ele-iconbox\" data-id=\"8dfbf31\" data-element_type=\"widget\" data-e-type=\"widget\" data-widget_type=\"tm-ele-iconbox.default\">\n\t\t\t\t<div class=\"elementor-widget-container\">\n\t\t\t\t\t<div class=\"tm-sc-icon-box icon-box icon-left font-icon icon-default icon-left\">\r\n\t\r\n  \t<div class=\"icon-box-wrapper\">\r\n\t\t\r\n\t\t<div class=\"icon-wrapper\">\r\n\t\t<div class=\"icon icon-default icon-type-font-icon icon-md\">\r\n\t\t\t<i aria-hidden=\"true\" class=\" flaticon-common-call-3\"><\/i>\t\t<\/div>\r\n\r\n\t\t\t<\/div>\r\n\t\t\t<div class=\"icon-text\">\r\n\t\t\t\t\t\t\r\n\t\t\t\t<h5 class=\"icon-box-title \">\r\n\t\t\t\t\t\t<a \r\n\t\t\t\t\t\t\t\thref=\"tel:%20+393891187518\">\r\n\t\t\t\tRufen Sie uns an\t\t\t<\/a>\r\n\t\t\t\t\t<\/h5>\r\n\t\t\t\t\t<div class=\"content\"><a href=\"\">(+39) 389 11 87 518<\/a><\/div>\r\n\t\t\t\r\n\t\t\t\r\n\t\r\n\t\t\t\t\t<\/div>\r\n\t\t<div class=\"clearfix\"><\/div>\r\n\t<\/div>\r\n<\/div>\t\t\t\t<\/div>\n\t\t\t\t<\/div>\n\t\t\t\t<div class=\"elementor-element elementor-element-1779c98 elementor-widget elementor-widget-tm-ele-iconbox\" data-id=\"1779c98\" data-element_type=\"widget\" data-e-type=\"widget\" data-widget_type=\"tm-ele-iconbox.default\">\n\t\t\t\t<div class=\"elementor-widget-container\">\n\t\t\t\t\t<div class=\"tm-sc-icon-box icon-box icon-left font-icon icon-default icon-left\">\r\n\t\r\n  \t<div class=\"icon-box-wrapper\">\r\n\t\t\r\n\t\t<div class=\"icon-wrapper\">\r\n\t\t<div class=\"icon icon-default icon-type-font-icon icon-md\">\r\n\t\t\t<i aria-hidden=\"true\" class=\" flaticon-common-email-1\"><\/i>\t\t<\/div>\r\n\r\n\t\t\t<\/div>\r\n\t\t\t<div class=\"icon-text\">\r\n\t\t\t\t\t\t\r\n\t\t\t\t<h5 class=\"icon-box-title \">\r\n\t\t\t\t\t\t\tSchreiben Sie uns\t\t\t\t\t<\/h5>\r\n\t\t\t\t\t<div class=\"content\"><a href=\"mailto:info@rentnavigare.it\">info@rentnavigare.it<\/a><\/div>\r\n\t\t\t\r\n\t\t\t\r\n\t\r\n\t\t\t\t\t<\/div>\r\n\t\t<div class=\"clearfix\"><\/div>\r\n\t<\/div>\r\n<\/div>\t\t\t\t<\/div>\n\t\t\t\t<\/div>\n\t\t\t\t<div class=\"elementor-element elementor-element-0355f94 elementor-widget elementor-widget-tm-ele-iconbox\" data-id=\"0355f94\" data-element_type=\"widget\" data-e-type=\"widget\" data-widget_type=\"tm-ele-iconbox.default\">\n\t\t\t\t<div class=\"elementor-widget-container\">\n\t\t\t\t\t<div class=\"tm-sc-icon-box icon-box icon-left font-icon icon-default icon-left\">\r\n\t\r\n  \t<div class=\"icon-box-wrapper\">\r\n\t\t\r\n\t\t<div class=\"icon-wrapper\">\r\n\t\t<div class=\"icon icon-default icon-type-font-icon icon-md\">\r\n\t\t\t<i aria-hidden=\"true\" class=\" flaticon-common-map2\"><\/i>\t\t<\/div>\r\n\r\n\t\t\t<\/div>\r\n\t\t\t<div class=\"icon-text\">\r\n\t\t\t\t\t\t\r\n\t\t\t\t<h5 class=\"icon-box-title \">\r\n\t\t\t\t\t\t\tBesuchen Sie uns\t\t\t\t\t<\/h5>\r\n\t\t\t\t\t<div class=\"content\"><a target=\"_blank\" href=\"https:\/\/maps.app.goo.gl\/bSfw9hsPGgCEtSvL7\" rel=\"noopener\">Spiaggia di Marina di Campo<br \/>Loc. La Foce<\/a><\/div>\r\n\t\t\t\r\n\t\t\t\r\n\t\r\n\t\t\t\t\t<\/div>\r\n\t\t<div class=\"clearfix\"><\/div>\r\n\t<\/div>\r\n<\/div>\t\t\t\t<\/div>\n\t\t\t\t<\/div>\n\t\t\t\t<div class=\"elementor-element elementor-element-07c506b elementor-widget elementor-widget-tm-ele-iconbox\" data-id=\"07c506b\" data-element_type=\"widget\" data-e-type=\"widget\" data-widget_type=\"tm-ele-iconbox.default\">\n\t\t\t\t<div class=\"elementor-widget-container\">\n\t\t\t\t\t<div class=\"tm-sc-icon-box icon-box icon-left font-icon icon-default icon-left\">\r\n\t\r\n  \t<div class=\"icon-box-wrapper\">\r\n\t\t\r\n\t\t<div class=\"icon-wrapper\">\r\n\t\t<div class=\"icon icon-default icon-type-font-icon icon-md\">\r\n\t\t\t<i aria-hidden=\"true\" class=\" flaticon-voyacht-customer-service\"><\/i>\t\t<\/div>\r\n\r\n\t\t\t<\/div>\r\n\t\t\t<div class=\"icon-text\">\r\n\t\t\t\t\t\t\r\n\t\t\t\t<h5 class=\"icon-box-title \">\r\n\t\t\t\t\t\t\tChatten Sie mit uns\t\t\t\t\t<\/h5>\r\n\t\t\t\t\t<div class=\"content\"><a target=\"_blank\" href=\"https:\/\/wa.me\/393891187518\" rel=\"noopener\">WhatsApp<\/a><\/div>\r\n\t\t\t\r\n\t\t\t\r\n\t\r\n\t\t\t\t\t<\/div>\r\n\t\t<div class=\"clearfix\"><\/div>\r\n\t<\/div>\r\n<\/div>\t\t\t\t<\/div>\n\t\t\t\t<\/div>\n\t\t\t\t<\/div>\n\t\t\t\t<\/div>\n\t\t\t\t\t<\/div>\n\t\t\t\t<\/div>\n\t\t\t\t<\/div>\n\t\t","protected":false},"excerpt":{"rendered":"<p>Schreiben Sie uns F\u00fcllen Sie das Anfrageformular aus Sono interessato a: Schlauchboot- oder BootsverleihLiegepl\u00e4tze Ich best\u00e4tige den Erhalt der folgenden&#8230;<\/p>\n","protected":false},"author":1,"featured_media":0,"parent":0,"menu_order":4,"comment_status":"closed","ping_status":"closed","template":"","meta":{"rs_blank_template":"","rs_page_bg_color":"","slide_template_v7":"","_joinchat":[],"footnotes":""},"class_list":["post-12343","page","type-page","status-publish","hentry"],"yoast_head":"<!-- This site is optimized with the Yoast SEO plugin v27.4 - https:\/\/yoast.com\/product\/yoast-seo-wordpress\/ -->\n<title>Kontakte - Rent Navigare - Marina di Campo, Insel Elba<\/title>\n<meta name=\"robots\" content=\"index, follow, max-snippet:-1, max-image-preview:large, max-video-preview:-1\" \/>\n<link rel=\"canonical\" href=\"https:\/\/www.rentnavigare.it\/de\/kontakte\/\" \/>\n<meta property=\"og:locale\" content=\"de_DE\" \/>\n<meta property=\"og:type\" content=\"article\" \/>\n<meta property=\"og:title\" content=\"Kontakte - Rent Navigare - Marina di Campo, Insel Elba\" \/>\n<meta property=\"og:description\" content=\"Schreiben Sie uns F\u00fcllen Sie das Anfrageformular aus Sono interessato a: Schlauchboot- oder BootsverleihLiegepl\u00e4tze Ich best\u00e4tige den Erhalt der folgenden...\" \/>\n<meta property=\"og:url\" content=\"https:\/\/www.rentnavigare.it\/de\/kontakte\/\" \/>\n<meta property=\"og:site_name\" content=\"Rent Navigare\" \/>\n<meta property=\"article:publisher\" content=\"https:\/\/www.facebook.com\/rent.navigare.elba\" \/>\n<meta property=\"article:modified_time\" content=\"2026-04-15T15:06:26+00:00\" \/>\n<meta name=\"twitter:card\" content=\"summary_large_image\" \/>\n<script type=\"application\/ld+json\" class=\"yoast-schema-graph\">{\"@context\":\"https:\\\/\\\/schema.org\",\"@graph\":[{\"@type\":\"WebPage\",\"@id\":\"https:\\\/\\\/www.rentnavigare.it\\\/de\\\/kontakte\\\/\",\"url\":\"https:\\\/\\\/www.rentnavigare.it\\\/de\\\/kontakte\\\/\",\"name\":\"Kontakte - Rent Navigare - Marina di Campo, Insel Elba\",\"isPartOf\":{\"@id\":\"https:\\\/\\\/www.rentnavigare.it\\\/de\\\/#website\"},\"datePublished\":\"2026-04-01T14:07:44+00:00\",\"dateModified\":\"2026-04-15T15:06:26+00:00\",\"breadcrumb\":{\"@id\":\"https:\\\/\\\/www.rentnavigare.it\\\/de\\\/kontakte\\\/#breadcrumb\"},\"inLanguage\":\"de\",\"potentialAction\":[{\"@type\":\"ReadAction\",\"target\":[\"https:\\\/\\\/www.rentnavigare.it\\\/de\\\/kontakte\\\/\"]}]},{\"@type\":\"BreadcrumbList\",\"@id\":\"https:\\\/\\\/www.rentnavigare.it\\\/de\\\/kontakte\\\/#breadcrumb\",\"itemListElement\":[{\"@type\":\"ListItem\",\"position\":1,\"name\":\"Home\",\"item\":\"https:\\\/\\\/www.rentnavigare.it\\\/de\\\/\"},{\"@type\":\"ListItem\",\"position\":2,\"name\":\"Kontakte\"}]},{\"@type\":\"WebSite\",\"@id\":\"https:\\\/\\\/www.rentnavigare.it\\\/de\\\/#website\",\"url\":\"https:\\\/\\\/www.rentnavigare.it\\\/de\\\/\",\"name\":\"Rent Navigare\",\"description\":\"Schlauchbootverleih und Liegepl\u00e4tze in Marina di Campo, Insel Elba.\",\"publisher\":{\"@id\":\"https:\\\/\\\/www.rentnavigare.it\\\/de\\\/#organization\"},\"potentialAction\":[{\"@type\":\"SearchAction\",\"target\":{\"@type\":\"EntryPoint\",\"urlTemplate\":\"https:\\\/\\\/www.rentnavigare.it\\\/de\\\/?s={search_term_string}\"},\"query-input\":{\"@type\":\"PropertyValueSpecification\",\"valueRequired\":true,\"valueName\":\"search_term_string\"}}],\"inLanguage\":\"de\"},{\"@type\":\"Organization\",\"@id\":\"https:\\\/\\\/www.rentnavigare.it\\\/de\\\/#organization\",\"name\":\"Rent Navigare\",\"url\":\"https:\\\/\\\/www.rentnavigare.it\\\/de\\\/\",\"logo\":{\"@type\":\"ImageObject\",\"inLanguage\":\"de\",\"@id\":\"https:\\\/\\\/www.rentnavigare.it\\\/de\\\/#\\\/schema\\\/logo\\\/image\\\/\",\"url\":\"https:\\\/\\\/www.rentnavigare.it\\\/wp-content\\\/uploads\\\/rent_navigare_verti.png\",\"contentUrl\":\"https:\\\/\\\/www.rentnavigare.it\\\/wp-content\\\/uploads\\\/rent_navigare_verti.png\",\"width\":800,\"height\":723,\"caption\":\"Rent Navigare\"},\"image\":{\"@id\":\"https:\\\/\\\/www.rentnavigare.it\\\/de\\\/#\\\/schema\\\/logo\\\/image\\\/\"},\"sameAs\":[\"https:\\\/\\\/www.facebook.com\\\/rent.navigare.elba\"]}]}<\/script>\n<!-- \/ Yoast SEO plugin. -->","yoast_head_json":{"title":"Kontakte - Rent Navigare - Marina di Campo, Insel Elba","robots":{"index":"index","follow":"follow","max-snippet":"max-snippet:-1","max-image-preview":"max-image-preview:large","max-video-preview":"max-video-preview:-1"},"canonical":"https:\/\/www.rentnavigare.it\/de\/kontakte\/","og_locale":"de_DE","og_type":"article","og_title":"Kontakte - Rent Navigare - Marina di Campo, Insel Elba","og_description":"Schreiben Sie uns F\u00fcllen Sie das Anfrageformular aus Sono interessato a: Schlauchboot- oder BootsverleihLiegepl\u00e4tze Ich best\u00e4tige den Erhalt der folgenden...","og_url":"https:\/\/www.rentnavigare.it\/de\/kontakte\/","og_site_name":"Rent Navigare","article_publisher":"https:\/\/www.facebook.com\/rent.navigare.elba","article_modified_time":"2026-04-15T15:06:26+00:00","twitter_card":"summary_large_image","schema":{"@context":"https:\/\/schema.org","@graph":[{"@type":"WebPage","@id":"https:\/\/www.rentnavigare.it\/de\/kontakte\/","url":"https:\/\/www.rentnavigare.it\/de\/kontakte\/","name":"Kontakte - Rent Navigare - Marina di Campo, Insel Elba","isPartOf":{"@id":"https:\/\/www.rentnavigare.it\/de\/#website"},"datePublished":"2026-04-01T14:07:44+00:00","dateModified":"2026-04-15T15:06:26+00:00","breadcrumb":{"@id":"https:\/\/www.rentnavigare.it\/de\/kontakte\/#breadcrumb"},"inLanguage":"de","potentialAction":[{"@type":"ReadAction","target":["https:\/\/www.rentnavigare.it\/de\/kontakte\/"]}]},{"@type":"BreadcrumbList","@id":"https:\/\/www.rentnavigare.it\/de\/kontakte\/#breadcrumb","itemListElement":[{"@type":"ListItem","position":1,"name":"Home","item":"https:\/\/www.rentnavigare.it\/de\/"},{"@type":"ListItem","position":2,"name":"Kontakte"}]},{"@type":"WebSite","@id":"https:\/\/www.rentnavigare.it\/de\/#website","url":"https:\/\/www.rentnavigare.it\/de\/","name":"Rent Navigare","description":"Schlauchbootverleih und Liegepl\u00e4tze in Marina di Campo, Insel Elba.","publisher":{"@id":"https:\/\/www.rentnavigare.it\/de\/#organization"},"potentialAction":[{"@type":"SearchAction","target":{"@type":"EntryPoint","urlTemplate":"https:\/\/www.rentnavigare.it\/de\/?s={search_term_string}"},"query-input":{"@type":"PropertyValueSpecification","valueRequired":true,"valueName":"search_term_string"}}],"inLanguage":"de"},{"@type":"Organization","@id":"https:\/\/www.rentnavigare.it\/de\/#organization","name":"Rent Navigare","url":"https:\/\/www.rentnavigare.it\/de\/","logo":{"@type":"ImageObject","inLanguage":"de","@id":"https:\/\/www.rentnavigare.it\/de\/#\/schema\/logo\/image\/","url":"https:\/\/www.rentnavigare.it\/wp-content\/uploads\/rent_navigare_verti.png","contentUrl":"https:\/\/www.rentnavigare.it\/wp-content\/uploads\/rent_navigare_verti.png","width":800,"height":723,"caption":"Rent Navigare"},"image":{"@id":"https:\/\/www.rentnavigare.it\/de\/#\/schema\/logo\/image\/"},"sameAs":["https:\/\/www.facebook.com\/rent.navigare.elba"]}]}},"_links":{"self":[{"href":"https:\/\/www.rentnavigare.it\/de\/wp-json\/wp\/v2\/pages\/12343","targetHints":{"allow":["GET"]}}],"collection":[{"href":"https:\/\/www.rentnavigare.it\/de\/wp-json\/wp\/v2\/pages"}],"about":[{"href":"https:\/\/www.rentnavigare.it\/de\/wp-json\/wp\/v2\/types\/page"}],"author":[{"embeddable":true,"href":"https:\/\/www.rentnavigare.it\/de\/wp-json\/wp\/v2\/users\/1"}],"replies":[{"embeddable":true,"href":"https:\/\/www.rentnavigare.it\/de\/wp-json\/wp\/v2\/comments?post=12343"}],"version-history":[{"count":4,"href":"https:\/\/www.rentnavigare.it\/de\/wp-json\/wp\/v2\/pages\/12343\/revisions"}],"predecessor-version":[{"id":12347,"href":"https:\/\/www.rentnavigare.it\/de\/wp-json\/wp\/v2\/pages\/12343\/revisions\/12347"}],"wp:attachment":[{"href":"https:\/\/www.rentnavigare.it\/de\/wp-json\/wp\/v2\/media?parent=12343"}],"curies":[{"name":"wp","href":"https:\/\/api.w.org\/{rel}","templated":true}]}}