{"id":12307,"date":"2026-04-01T09:06:40","date_gmt":"2026-04-01T07:06:40","guid":{"rendered":"https:\/\/www.rentnavigare.it\/ormeggio-imbarcazioni\/"},"modified":"2026-04-15T16:42:36","modified_gmt":"2026-04-15T14:42:36","slug":"liegeplaetze","status":"publish","type":"page","link":"https:\/\/www.rentnavigare.it\/de\/liegeplaetze\/","title":{"rendered":"Liegepl\u00e4tze"},"content":{"rendered":"\t\t<div data-elementor-type=\"wp-page\" data-elementor-id=\"12307\" class=\"elementor elementor-12307 elementor-11549\">\n\t\t\t\t<div class=\"elementor-element elementor-element-8b88213 e-flex e-con-boxed tm-col-stretched-none tm-bg-color-over-image e-con e-parent\" data-id=\"8b88213\" data-element_type=\"container\" data-e-type=\"container\" data-settings=\"{&quot;background_background&quot;:&quot;classic&quot;}\">\n\t\t\t\t\t<div class=\"e-con-inner\">\n\t\t<div class=\"elementor-element elementor-element-736c7ba e-flex e-con-boxed tm-col-stretched-none tm-bg-color-over-image e-con e-child\" data-id=\"736c7ba\" data-element_type=\"container\" data-e-type=\"container\">\n\t\t\t\t\t<div class=\"e-con-inner\">\n\t\t<div class=\"elementor-element elementor-element-ca78e66 e-con-full e-flex tm-col-stretched-none tm-bg-color-over-image e-con e-child\" data-id=\"ca78e66\" data-element_type=\"container\" data-e-type=\"container\">\n\t\t\t\t<div class=\"elementor-element elementor-element-8b4f5a6 horizontal-line-align-left vertical-line-align-bottom elementor-widget elementor-widget-tm-ele-section-title\" data-id=\"8b4f5a6\" data-element_type=\"widget\" data-e-type=\"widget\" data-widget_type=\"tm-ele-section-title.default\">\n\t\t\t\t<div class=\"elementor-widget-container\">\n\t\t\t\t\t<div class=\"tm-sc-section-title section-title \">\r\n\t<div class=\"title-wrapper\">\r\n\t\t\t\t\r\n\r\n<div class=\"sub-title-outer\">\r\n\t\t<div class=\"subtitle \">\r\n\r\n\t\t\r\n\t\tIhr Platz bei La Foce\t<\/div>\r\n\t<\/div>\t\t\t<h2 class=\"title tm-split-text split-in-left\">\r\n\r\n\t\t\r\n\t\t\t\t<span class=\"title-part1 \">Liegepl\u00e4tze<\/span>\r\n\t\t\t\t\r\n\t\t\r\n\t<\/h2>\r\n\t<div class=\"title-seperator-line\"><\/div>\t\t\t\t\t\t<\/div>\r\n<\/div>\t\t\t\t<\/div>\n\t\t\t\t<\/div>\n\t\t\t\t<div class=\"elementor-element elementor-element-6dee425 elementor-widget elementor-widget-tm-ele-text-editor\" data-id=\"6dee425\" data-element_type=\"widget\" data-e-type=\"widget\" data-widget_type=\"tm-ele-text-editor.default\">\n\t\t\t\t<div class=\"elementor-widget-container\">\n\t\t\t\t\t\t\t<div class=\"tm-text-editor\">\r\n\t\t<strong>Bojenfeld Marina di Campo<\/strong>\t\t<\/div>\r\n\t\t\t\t\t<\/div>\n\t\t\t\t<\/div>\n\t\t\t\t<div class=\"elementor-element elementor-element-c6a42a1 elementor-widget elementor-widget-tm-ele-text-editor\" data-id=\"c6a42a1\" data-element_type=\"widget\" data-e-type=\"widget\" data-widget_type=\"tm-ele-text-editor.default\">\n\t\t\t\t<div class=\"elementor-widget-container\">\n\t\t\t\t\t\t\t<div class=\"tm-text-editor\">\r\n\t\tSuchen Sie einen sicheren Liegeplatz? Rent Navigare betreibt ein Bojenfeld mit 40 Pl\u00e4tzen in La Foce, dem am meist gesch\u00fctzten Bereich der Bucht.\t\t<\/div>\r\n\t\t\t\t\t<\/div>\n\t\t\t\t<\/div>\n\t\t\t\t<div class=\"elementor-element elementor-element-9ff394c elementor-widget elementor-widget-tm-ele-text-editor\" data-id=\"9ff394c\" data-element_type=\"widget\" data-e-type=\"widget\" data-widget_type=\"tm-ele-text-editor.default\">\n\t\t\t\t<div class=\"elementor-widget-container\">\n\t\t\t\t\t\t\t<div class=\"tm-text-editor\">\r\n\t\tUnsere Leistungen:\t\t<\/div>\r\n\t\t\t\t\t<\/div>\n\t\t\t\t<\/div>\n\t\t\t\t<div class=\"elementor-element elementor-element-7325512 elementor-widget elementor-widget-tm-ele-list\" data-id=\"7325512\" data-element_type=\"widget\" data-e-type=\"widget\" data-widget_type=\"tm-ele-list.default\">\n\t\t\t\t<div class=\"elementor-widget-container\">\n\t\t\t\t\t<ul class=\"tm-sc-list \">\r\n\t<li class=\"\">\r\n\t\t\t\t<i aria-hidden=\"true\" class=\"far fa-check-circle\"><\/i>\t\t\t\t<span>\r\n\t<strong>40 zertifizierte Bojen<\/strong>: Geeignet f\u00fcr verschiedene Bootstypen.<\/span><\/li>\t<li class=\"\">\r\n\t\t\t\t<i aria-hidden=\"true\" class=\"far fa-check-circle\"><\/i>\t\t\t\t<span>\r\n\t<strong>Strategische Lage<\/strong>: mit direktem Strandzugang.<\/span><\/li>\t<li class=\"\">\r\n\t\t\t\t<i aria-hidden=\"true\" class=\"far fa-check-circle\"><\/i>\t\t\t\t<span>\r\n\t<strong>Sicherheit und Betreuung<\/strong>: St\u00e4ndige \u00dcberwachung, um Ihnen w\u00e4hrend Ihres Aufenthalts maximale Sicherheit zu gew\u00e4hrleisten.<\/span><\/li><\/ul>\t\t\t\t<\/div>\n\t\t\t\t<\/div>\n\t\t\t\t<div class=\"elementor-element elementor-element-053d1d2 elementor-widget elementor-widget-tm-ele-list\" data-id=\"053d1d2\" data-element_type=\"widget\" data-e-type=\"widget\" data-widget_type=\"tm-ele-list.default\">\n\t\t\t\t<div class=\"elementor-widget-container\">\n\t\t\t\t\t<ul class=\"tm-sc-list \">\r\n\t<li class=\"\">\r\n\t\t\t\t<i aria-hidden=\"true\" class=\"far fa-arrow-alt-circle-right\"><\/i>\t\t\t\t<span>\r\n\t<strong>Shuttle-Service<\/strong><br \/>\nMit unserem Shuttle gelangen Sie bequem vom Strand zu Ihrem Boot.\n\nSchnell, zuverl\u00e4ssig und ideal f\u00fcr Familien und Gruppen.\n\nKomfort, Schnelligkeit und Sicherheit \u2013 wir k\u00fcmmern uns um alles.<\/span><\/li>\t<li class=\"\">\r\n\t\t\t\t<i aria-hidden=\"true\" class=\"far fa-check-circle\"><\/i>\t\t\t\t<span>\r\n\t<strong>Slippen &amp; Kranservice<\/strong><br \/>\nWir bieten professionellen Service f\u00fcr das Zuwasserlassen und Herausholen von Booten bis 8 Meter L\u00e4nge.<\/span><\/li><\/ul>\t\t\t\t<\/div>\n\t\t\t\t<\/div>\n\t\t\t\t<div class=\"elementor-element elementor-element-e15c4be elementor-widget elementor-widget-tm-ele-text-editor\" data-id=\"e15c4be\" data-element_type=\"widget\" data-e-type=\"widget\" data-widget_type=\"tm-ele-text-editor.default\">\n\t\t\t\t<div class=\"elementor-widget-container\">\n\t\t\t\t\t\t\t<div class=\"tm-text-editor\">\r\n\t\tMaximale Bootsl\u00e4nge: 8 m\t\t<\/div>\r\n\t\t\t\t\t<\/div>\n\t\t\t\t<\/div>\n\t\t\t\t<div class=\"elementor-element elementor-element-4cd5dca elementor-widget elementor-widget-tm-ele-text-editor\" data-id=\"4cd5dca\" data-element_type=\"widget\" data-e-type=\"widget\" data-widget_type=\"tm-ele-text-editor.default\">\n\t\t\t\t<div class=\"elementor-widget-container\">\n\t\t\t\t\t\t\t<div class=\"tm-text-editor\">\r\n\t\tWenn Sie Ihr Boot unserem Anlegeplatz anvertrauen, entscheiden Sie sich f\u00fcr den Komfort eines professionellen Anlegeplatzes im Herzen einer der sch\u00f6nsten Buchten Elbas.\t\t<\/div>\r\n\t\t\t\t\t<\/div>\n\t\t\t\t<\/div>\n\t\t\t\t<\/div>\n\t\t\t\t\t<\/div>\n\t\t\t\t<\/div>\n\t\t<div class=\"elementor-element elementor-element-42f0eb1 e-flex e-con-boxed tm-col-stretched-none tm-bg-color-over-image e-con e-child\" data-id=\"42f0eb1\" data-element_type=\"container\" data-e-type=\"container\">\n\t\t\t\t\t<div class=\"e-con-inner\">\n\t\t<div class=\"elementor-element elementor-element-1fde0b1 e-con-full tm-col-stretched-none e-flex tm-bg-color-over-image e-con e-child\" data-id=\"1fde0b1\" data-element_type=\"container\" data-e-type=\"container\" data-settings=\"{&quot;background_background&quot;:&quot;classic&quot;,&quot;animation&quot;:&quot;none&quot;}\">\n\t\t<div class=\"elementor-element elementor-element-421be46 e-flex e-con-boxed tm-col-stretched-none tm-bg-color-over-image e-con e-child\" data-id=\"421be46\" data-element_type=\"container\" data-e-type=\"container\">\n\t\t\t\t\t<div class=\"e-con-inner\">\n\t\t\t\t<div class=\"elementor-element elementor-element-c207bd5 elementor-widget elementor-widget-image-carousel\" data-id=\"c207bd5\" data-element_type=\"widget\" data-e-type=\"widget\" data-settings=\"{&quot;slides_to_show&quot;:&quot;3&quot;,&quot;navigation&quot;:&quot;none&quot;,&quot;speed&quot;:500,&quot;image_spacing_custom&quot;:{&quot;unit&quot;:&quot;px&quot;,&quot;size&quot;:20,&quot;sizes&quot;:[]},&quot;image_spacing_custom_tablet&quot;:{&quot;unit&quot;:&quot;px&quot;,&quot;size&quot;:&quot;&quot;,&quot;sizes&quot;:[]},&quot;image_spacing_custom_mobile&quot;:{&quot;unit&quot;:&quot;px&quot;,&quot;size&quot;:&quot;&quot;,&quot;sizes&quot;:[]}}\" data-widget_type=\"image-carousel.default\">\n\t\t\t\t\t\t\t<div class=\"elementor-image-carousel-wrapper swiper\" role=\"region\" aria-roledescription=\"carousel\" aria-label=\"Carosello d&#039;immagini\" dir=\"ltr\">\n\t\t\t<div class=\"elementor-image-carousel swiper-wrapper\" aria-live=\"polite\">\n\t\t\t\t\t\t\t\t<div class=\"swiper-slide\" role=\"group\" aria-roledescription=\"slide\" aria-label=\"1 von 3\"><a data-elementor-open-lightbox=\"yes\" data-elementor-lightbox-slideshow=\"c207bd5\" data-elementor-lightbox-title=\"Campo boe Marina di Campo\" data-e-action-hash=\"#elementor-action%3Aaction%3Dlightbox%26settings%3DeyJpZCI6MTIzMDMsInVybCI6Imh0dHBzOlwvXC93d3cucmVudG5hdmlnYXJlLml0XC93cC1jb250ZW50XC91cGxvYWRzXC9jYW1wb19ib2VfMDMuanBnIiwic2xpZGVzaG93IjoiYzIwN2JkNSJ9\" href=\"https:\/\/www.rentnavigare.it\/wp-content\/uploads\/campo_boe_03.jpg\"><figure class=\"swiper-slide-inner\"><img decoding=\"async\" class=\"swiper-slide-image\" src=\"https:\/\/www.rentnavigare.it\/wp-content\/uploads\/campo_boe_03-768x512.jpg\" alt=\"Campo boe Marina di Campo\" \/><\/figure><\/a><\/div><div class=\"swiper-slide\" role=\"group\" aria-roledescription=\"slide\" aria-label=\"2 von 3\"><a data-elementor-open-lightbox=\"yes\" data-elementor-lightbox-slideshow=\"c207bd5\" data-elementor-lightbox-title=\"Campo boe Marina di Campo\" data-e-action-hash=\"#elementor-action%3Aaction%3Dlightbox%26settings%3DeyJpZCI6MTIzMDQsInVybCI6Imh0dHBzOlwvXC93d3cucmVudG5hdmlnYXJlLml0XC93cC1jb250ZW50XC91cGxvYWRzXC9jYW1wb19ib2VfMDEuanBnIiwic2xpZGVzaG93IjoiYzIwN2JkNSJ9\" href=\"https:\/\/www.rentnavigare.it\/wp-content\/uploads\/campo_boe_01.jpg\"><figure class=\"swiper-slide-inner\"><img decoding=\"async\" class=\"swiper-slide-image\" src=\"https:\/\/www.rentnavigare.it\/wp-content\/uploads\/campo_boe_01-768x512.jpg\" alt=\"Campo boe Marina di Campo\" \/><\/figure><\/a><\/div><div class=\"swiper-slide\" role=\"group\" aria-roledescription=\"slide\" aria-label=\"3 von 3\"><a data-elementor-open-lightbox=\"yes\" data-elementor-lightbox-slideshow=\"c207bd5\" data-elementor-lightbox-title=\"Campo boe Marina di Campo\" data-e-action-hash=\"#elementor-action%3Aaction%3Dlightbox%26settings%3DeyJpZCI6MTIzMDUsInVybCI6Imh0dHBzOlwvXC93d3cucmVudG5hdmlnYXJlLml0XC93cC1jb250ZW50XC91cGxvYWRzXC9jYW1wb19ib2VfMDIuanBnIiwic2xpZGVzaG93IjoiYzIwN2JkNSJ9\" href=\"https:\/\/www.rentnavigare.it\/wp-content\/uploads\/campo_boe_02.jpg\"><figure class=\"swiper-slide-inner\"><img decoding=\"async\" class=\"swiper-slide-image\" src=\"https:\/\/www.rentnavigare.it\/wp-content\/uploads\/campo_boe_02-768x512.jpg\" alt=\"Campo boe Marina di Campo\" \/><\/figure><\/a><\/div>\t\t\t<\/div>\n\t\t\t\t\t\t\t\n\t\t\t\t\t\t\t\t\t<\/div>\n\t\t\t\t\t\t<\/div>\n\t\t\t\t\t<\/div>\n\t\t\t\t<\/div>\n\t\t\t\t<\/div>\n\t\t\t\t\t<\/div>\n\t\t\t\t<\/div>\n\t\t\t\t\t<\/div>\n\t\t\t\t<\/div>\n\t\t\t\t<\/div>\n\t\t","protected":false},"excerpt":{"rendered":"<p>Ihr Platz bei La Foce Liegepl\u00e4tze Bojenfeld Marina di Campo Suchen Sie einen sicheren Liegeplatz? Rent Navigare betreibt ein Bojenfeld&#8230;<\/p>\n","protected":false},"author":1,"featured_media":0,"parent":0,"menu_order":2,"comment_status":"closed","ping_status":"closed","template":"","meta":{"rs_blank_template":"","rs_page_bg_color":"","slide_template_v7":"","_joinchat":[],"footnotes":""},"class_list":["post-12307","page","type-page","status-publish","hentry"],"yoast_head":"<!-- This site is optimized with the Yoast SEO plugin v27.4 - https:\/\/yoast.com\/product\/yoast-seo-wordpress\/ -->\n<title>Liegepl\u00e4tze - Rent Navigare - Marina di Campo, Insel Elba<\/title>\n<meta name=\"description\" content=\"Suchen Sie einen sicheren Liegeplatz? Rent Navigare betreibt ein Bojenfeld mit 40 Pl\u00e4tzen in La Foce, dem am meist gesch\u00fctzten Bereich der Bucht.\" \/>\n<meta name=\"robots\" content=\"index, follow, max-snippet:-1, max-image-preview:large, max-video-preview:-1\" \/>\n<link rel=\"canonical\" href=\"https:\/\/www.rentnavigare.it\/de\/liegeplaetze\/\" \/>\n<meta property=\"og:locale\" content=\"de_DE\" \/>\n<meta property=\"og:type\" content=\"article\" \/>\n<meta property=\"og:title\" content=\"Liegepl\u00e4tze - Rent Navigare - Marina di Campo, Insel Elba\" \/>\n<meta property=\"og:description\" content=\"Suchen Sie einen sicheren Liegeplatz? Rent Navigare betreibt ein Bojenfeld mit 40 Pl\u00e4tzen in La Foce, dem am meist gesch\u00fctzten Bereich der Bucht.\" \/>\n<meta property=\"og:url\" content=\"https:\/\/www.rentnavigare.it\/de\/liegeplaetze\/\" \/>\n<meta property=\"og:site_name\" content=\"Rent Navigare\" \/>\n<meta property=\"article:publisher\" content=\"https:\/\/www.facebook.com\/rent.navigare.elba\" \/>\n<meta property=\"article:modified_time\" content=\"2026-04-15T14:42:36+00:00\" \/>\n<meta property=\"og:image\" content=\"https:\/\/www.rentnavigare.it\/wp-content\/uploads\/campo_boe_03-768x512.jpg\" \/>\n<meta name=\"twitter:card\" content=\"summary_large_image\" \/>\n<script type=\"application\/ld+json\" class=\"yoast-schema-graph\">{\"@context\":\"https:\\\/\\\/schema.org\",\"@graph\":[{\"@type\":\"WebPage\",\"@id\":\"https:\\\/\\\/www.rentnavigare.it\\\/de\\\/liegeplaetze\\\/\",\"url\":\"https:\\\/\\\/www.rentnavigare.it\\\/de\\\/liegeplaetze\\\/\",\"name\":\"Liegepl\u00e4tze - Rent Navigare - Marina di Campo, Insel Elba\",\"isPartOf\":{\"@id\":\"https:\\\/\\\/www.rentnavigare.it\\\/de\\\/#website\"},\"primaryImageOfPage\":{\"@id\":\"https:\\\/\\\/www.rentnavigare.it\\\/de\\\/liegeplaetze\\\/#primaryimage\"},\"image\":{\"@id\":\"https:\\\/\\\/www.rentnavigare.it\\\/de\\\/liegeplaetze\\\/#primaryimage\"},\"thumbnailUrl\":\"https:\\\/\\\/www.rentnavigare.it\\\/wp-content\\\/uploads\\\/campo_boe_03-768x512.jpg\",\"datePublished\":\"2026-04-01T07:06:40+00:00\",\"dateModified\":\"2026-04-15T14:42:36+00:00\",\"description\":\"Suchen Sie einen sicheren Liegeplatz? Rent Navigare betreibt ein Bojenfeld mit 40 Pl\u00e4tzen in La Foce, dem am meist gesch\u00fctzten Bereich der Bucht.\",\"breadcrumb\":{\"@id\":\"https:\\\/\\\/www.rentnavigare.it\\\/de\\\/liegeplaetze\\\/#breadcrumb\"},\"inLanguage\":\"de\",\"potentialAction\":[{\"@type\":\"ReadAction\",\"target\":[\"https:\\\/\\\/www.rentnavigare.it\\\/de\\\/liegeplaetze\\\/\"]}]},{\"@type\":\"ImageObject\",\"inLanguage\":\"de\",\"@id\":\"https:\\\/\\\/www.rentnavigare.it\\\/de\\\/liegeplaetze\\\/#primaryimage\",\"url\":\"https:\\\/\\\/www.rentnavigare.it\\\/wp-content\\\/uploads\\\/campo_boe_03-768x512.jpg\",\"contentUrl\":\"https:\\\/\\\/www.rentnavigare.it\\\/wp-content\\\/uploads\\\/campo_boe_03-768x512.jpg\"},{\"@type\":\"BreadcrumbList\",\"@id\":\"https:\\\/\\\/www.rentnavigare.it\\\/de\\\/liegeplaetze\\\/#breadcrumb\",\"itemListElement\":[{\"@type\":\"ListItem\",\"position\":1,\"name\":\"Home\",\"item\":\"https:\\\/\\\/www.rentnavigare.it\\\/de\\\/\"},{\"@type\":\"ListItem\",\"position\":2,\"name\":\"Liegepl\u00e4tze\"}]},{\"@type\":\"WebSite\",\"@id\":\"https:\\\/\\\/www.rentnavigare.it\\\/de\\\/#website\",\"url\":\"https:\\\/\\\/www.rentnavigare.it\\\/de\\\/\",\"name\":\"Rent Navigare\",\"description\":\"Schlauchbootverleih und Liegepl\u00e4tze in Marina di Campo, Insel Elba.\",\"publisher\":{\"@id\":\"https:\\\/\\\/www.rentnavigare.it\\\/de\\\/#organization\"},\"potentialAction\":[{\"@type\":\"SearchAction\",\"target\":{\"@type\":\"EntryPoint\",\"urlTemplate\":\"https:\\\/\\\/www.rentnavigare.it\\\/de\\\/?s={search_term_string}\"},\"query-input\":{\"@type\":\"PropertyValueSpecification\",\"valueRequired\":true,\"valueName\":\"search_term_string\"}}],\"inLanguage\":\"de\"},{\"@type\":\"Organization\",\"@id\":\"https:\\\/\\\/www.rentnavigare.it\\\/de\\\/#organization\",\"name\":\"Rent Navigare\",\"url\":\"https:\\\/\\\/www.rentnavigare.it\\\/de\\\/\",\"logo\":{\"@type\":\"ImageObject\",\"inLanguage\":\"de\",\"@id\":\"https:\\\/\\\/www.rentnavigare.it\\\/de\\\/#\\\/schema\\\/logo\\\/image\\\/\",\"url\":\"https:\\\/\\\/www.rentnavigare.it\\\/wp-content\\\/uploads\\\/rent_navigare_verti.png\",\"contentUrl\":\"https:\\\/\\\/www.rentnavigare.it\\\/wp-content\\\/uploads\\\/rent_navigare_verti.png\",\"width\":800,\"height\":723,\"caption\":\"Rent Navigare\"},\"image\":{\"@id\":\"https:\\\/\\\/www.rentnavigare.it\\\/de\\\/#\\\/schema\\\/logo\\\/image\\\/\"},\"sameAs\":[\"https:\\\/\\\/www.facebook.com\\\/rent.navigare.elba\"]}]}<\/script>\n<!-- \/ Yoast SEO plugin. -->","yoast_head_json":{"title":"Liegepl\u00e4tze - Rent Navigare - Marina di Campo, Insel Elba","description":"Suchen Sie einen sicheren Liegeplatz? Rent Navigare betreibt ein Bojenfeld mit 40 Pl\u00e4tzen in La Foce, dem am meist gesch\u00fctzten Bereich der Bucht.","robots":{"index":"index","follow":"follow","max-snippet":"max-snippet:-1","max-image-preview":"max-image-preview:large","max-video-preview":"max-video-preview:-1"},"canonical":"https:\/\/www.rentnavigare.it\/de\/liegeplaetze\/","og_locale":"de_DE","og_type":"article","og_title":"Liegepl\u00e4tze - Rent Navigare - Marina di Campo, Insel Elba","og_description":"Suchen Sie einen sicheren Liegeplatz? Rent Navigare betreibt ein Bojenfeld mit 40 Pl\u00e4tzen in La Foce, dem am meist gesch\u00fctzten Bereich der Bucht.","og_url":"https:\/\/www.rentnavigare.it\/de\/liegeplaetze\/","og_site_name":"Rent Navigare","article_publisher":"https:\/\/www.facebook.com\/rent.navigare.elba","article_modified_time":"2026-04-15T14:42:36+00:00","og_image":[{"url":"https:\/\/www.rentnavigare.it\/wp-content\/uploads\/campo_boe_03-768x512.jpg","type":"","width":"","height":""}],"twitter_card":"summary_large_image","schema":{"@context":"https:\/\/schema.org","@graph":[{"@type":"WebPage","@id":"https:\/\/www.rentnavigare.it\/de\/liegeplaetze\/","url":"https:\/\/www.rentnavigare.it\/de\/liegeplaetze\/","name":"Liegepl\u00e4tze - Rent Navigare - Marina di Campo, Insel Elba","isPartOf":{"@id":"https:\/\/www.rentnavigare.it\/de\/#website"},"primaryImageOfPage":{"@id":"https:\/\/www.rentnavigare.it\/de\/liegeplaetze\/#primaryimage"},"image":{"@id":"https:\/\/www.rentnavigare.it\/de\/liegeplaetze\/#primaryimage"},"thumbnailUrl":"https:\/\/www.rentnavigare.it\/wp-content\/uploads\/campo_boe_03-768x512.jpg","datePublished":"2026-04-01T07:06:40+00:00","dateModified":"2026-04-15T14:42:36+00:00","description":"Suchen Sie einen sicheren Liegeplatz? Rent Navigare betreibt ein Bojenfeld mit 40 Pl\u00e4tzen in La Foce, dem am meist gesch\u00fctzten Bereich der Bucht.","breadcrumb":{"@id":"https:\/\/www.rentnavigare.it\/de\/liegeplaetze\/#breadcrumb"},"inLanguage":"de","potentialAction":[{"@type":"ReadAction","target":["https:\/\/www.rentnavigare.it\/de\/liegeplaetze\/"]}]},{"@type":"ImageObject","inLanguage":"de","@id":"https:\/\/www.rentnavigare.it\/de\/liegeplaetze\/#primaryimage","url":"https:\/\/www.rentnavigare.it\/wp-content\/uploads\/campo_boe_03-768x512.jpg","contentUrl":"https:\/\/www.rentnavigare.it\/wp-content\/uploads\/campo_boe_03-768x512.jpg"},{"@type":"BreadcrumbList","@id":"https:\/\/www.rentnavigare.it\/de\/liegeplaetze\/#breadcrumb","itemListElement":[{"@type":"ListItem","position":1,"name":"Home","item":"https:\/\/www.rentnavigare.it\/de\/"},{"@type":"ListItem","position":2,"name":"Liegepl\u00e4tze"}]},{"@type":"WebSite","@id":"https:\/\/www.rentnavigare.it\/de\/#website","url":"https:\/\/www.rentnavigare.it\/de\/","name":"Rent Navigare","description":"Schlauchbootverleih und Liegepl\u00e4tze in Marina di Campo, Insel Elba.","publisher":{"@id":"https:\/\/www.rentnavigare.it\/de\/#organization"},"potentialAction":[{"@type":"SearchAction","target":{"@type":"EntryPoint","urlTemplate":"https:\/\/www.rentnavigare.it\/de\/?s={search_term_string}"},"query-input":{"@type":"PropertyValueSpecification","valueRequired":true,"valueName":"search_term_string"}}],"inLanguage":"de"},{"@type":"Organization","@id":"https:\/\/www.rentnavigare.it\/de\/#organization","name":"Rent Navigare","url":"https:\/\/www.rentnavigare.it\/de\/","logo":{"@type":"ImageObject","inLanguage":"de","@id":"https:\/\/www.rentnavigare.it\/de\/#\/schema\/logo\/image\/","url":"https:\/\/www.rentnavigare.it\/wp-content\/uploads\/rent_navigare_verti.png","contentUrl":"https:\/\/www.rentnavigare.it\/wp-content\/uploads\/rent_navigare_verti.png","width":800,"height":723,"caption":"Rent Navigare"},"image":{"@id":"https:\/\/www.rentnavigare.it\/de\/#\/schema\/logo\/image\/"},"sameAs":["https:\/\/www.facebook.com\/rent.navigare.elba"]}]}},"_links":{"self":[{"href":"https:\/\/www.rentnavigare.it\/de\/wp-json\/wp\/v2\/pages\/12307","targetHints":{"allow":["GET"]}}],"collection":[{"href":"https:\/\/www.rentnavigare.it\/de\/wp-json\/wp\/v2\/pages"}],"about":[{"href":"https:\/\/www.rentnavigare.it\/de\/wp-json\/wp\/v2\/types\/page"}],"author":[{"embeddable":true,"href":"https:\/\/www.rentnavigare.it\/de\/wp-json\/wp\/v2\/users\/1"}],"replies":[{"embeddable":true,"href":"https:\/\/www.rentnavigare.it\/de\/wp-json\/wp\/v2\/comments?post=12307"}],"version-history":[{"count":4,"href":"https:\/\/www.rentnavigare.it\/de\/wp-json\/wp\/v2\/pages\/12307\/revisions"}],"predecessor-version":[{"id":12320,"href":"https:\/\/www.rentnavigare.it\/de\/wp-json\/wp\/v2\/pages\/12307\/revisions\/12320"}],"wp:attachment":[{"href":"https:\/\/www.rentnavigare.it\/de\/wp-json\/wp\/v2\/media?parent=12307"}],"curies":[{"name":"wp","href":"https:\/\/api.w.org\/{rel}","templated":true}]}}