{"id":12284,"date":"2026-04-01T08:13:37","date_gmt":"2026-04-01T06:13:37","guid":{"rendered":"https:\/\/www.rentnavigare.it\/noleggio-gommoni-e-barche\/"},"modified":"2026-04-15T16:16:28","modified_gmt":"2026-04-15T14:16:28","slug":"schlauchboot-und-bootsverleih","status":"publish","type":"page","link":"https:\/\/www.rentnavigare.it\/de\/schlauchboot-und-bootsverleih\/","title":{"rendered":"Schlauchboot- und Bootsverleih"},"content":{"rendered":"\t\t<div data-elementor-type=\"wp-page\" data-elementor-id=\"12284\" class=\"elementor elementor-12284 elementor-1488\">\n\t\t\t\t<div class=\"elementor-element elementor-element-8b88213 e-flex e-con-boxed tm-col-stretched-none tm-bg-color-over-image e-con e-parent\" data-id=\"8b88213\" data-element_type=\"container\" data-e-type=\"container\" data-settings=\"{&quot;background_background&quot;:&quot;classic&quot;}\">\n\t\t\t\t\t<div class=\"e-con-inner\">\n\t\t<div class=\"elementor-element elementor-element-736c7ba e-flex e-con-boxed tm-col-stretched-none tm-bg-color-over-image e-con e-child\" data-id=\"736c7ba\" data-element_type=\"container\" data-e-type=\"container\">\n\t\t\t\t\t<div class=\"e-con-inner\">\n\t\t<div class=\"elementor-element elementor-element-ca78e66 e-con-full e-flex tm-col-stretched-none tm-bg-color-over-image e-con e-child\" data-id=\"ca78e66\" data-element_type=\"container\" data-e-type=\"container\">\n\t\t\t\t<div class=\"elementor-element elementor-element-8b4f5a6 horizontal-line-align-left vertical-line-align-bottom elementor-widget elementor-widget-tm-ele-section-title\" data-id=\"8b4f5a6\" data-element_type=\"widget\" data-e-type=\"widget\" data-widget_type=\"tm-ele-section-title.default\">\n\t\t\t\t<div class=\"elementor-widget-container\">\n\t\t\t\t\t<div class=\"tm-sc-section-title section-title \">\r\n\t<div class=\"title-wrapper\">\r\n\t\t\t\t\r\n\r\n<div class=\"sub-title-outer\">\r\n\t\t<div class=\"subtitle \">\r\n\r\n\t\t\r\n\t\tDie Insel frei entdecken\t<\/div>\r\n\t<\/div>\t\t\t<h2 class=\"title tm-split-text split-in-left\">\r\n\r\n\t\t\r\n\t\t\t\t<span class=\"title-part1 \">Bootsverleih<\/span>\r\n\t\t\t\t\r\n\t\t\r\n\t<\/h2>\r\n\t<div class=\"title-seperator-line\"><\/div>\t\t\t\t\t\t<\/div>\r\n<\/div>\t\t\t\t<\/div>\n\t\t\t\t<\/div>\n\t\t\t\t<div class=\"elementor-element elementor-element-6dee425 elementor-widget elementor-widget-tm-ele-text-editor\" data-id=\"6dee425\" data-element_type=\"widget\" data-e-type=\"widget\" data-widget_type=\"tm-ele-text-editor.default\">\n\t\t\t\t<div class=\"elementor-widget-container\">\n\t\t\t\t\t\t\t<div class=\"tm-text-editor\">\r\n\t\t<strong>Boots- und Schlauchbootverleih in Marina di Campo \u2013 Insel Elba<\/strong>\t\t<\/div>\r\n\t\t\t\t\t<\/div>\n\t\t\t\t<\/div>\n\t\t\t\t<div class=\"elementor-element elementor-element-c6a42a1 elementor-widget elementor-widget-tm-ele-text-editor\" data-id=\"c6a42a1\" data-element_type=\"widget\" data-e-type=\"widget\" data-widget_type=\"tm-ele-text-editor.default\">\n\t\t\t\t<div class=\"elementor-widget-container\">\n\t\t\t\t\t\t\t<div class=\"tm-text-editor\">\r\n\t\tErleben Sie die S\u00fcdk\u00fcste der Insel Elba vom Meer aus. Von Marina di Campo erreichen Sie schnell die Str\u00e4nde von Cavoli, Seccheto, Fetovaia, Lacona sowie die Blaue Grotte oder das Wrack von Pomonte.\t\t<\/div>\r\n\t\t\t\t\t<\/div>\n\t\t\t\t<\/div>\n\t\t\t\t<div class=\"elementor-element elementor-element-9ff394c elementor-widget elementor-widget-tm-ele-text-editor\" data-id=\"9ff394c\" data-element_type=\"widget\" data-e-type=\"widget\" data-widget_type=\"tm-ele-text-editor.default\">\n\t\t\t\t<div class=\"elementor-widget-container\">\n\t\t\t\t\t\t\t<div class=\"tm-text-editor\">\r\n\t\tMieten Sie Ihr Beiboot oder Boot f\u00fcr 2 Stunden, f\u00fcr einen halben Tag (9:30-13:30 oder 14:30-18:30) oder f\u00fcr einen ganzen Tag (9:30-18:30).\t\t<\/div>\r\n\t\t\t\t\t<\/div>\n\t\t\t\t<\/div>\n\t\t\t\t<div class=\"elementor-element elementor-element-7325512 elementor-widget elementor-widget-tm-ele-list\" data-id=\"7325512\" data-element_type=\"widget\" data-e-type=\"widget\" data-widget_type=\"tm-ele-list.default\">\n\t\t\t\t<div class=\"elementor-widget-container\">\n\t\t\t\t\t<ul class=\"tm-sc-list \">\r\n\t<li class=\"\">\r\n\t\t\t\t<i aria-hidden=\"true\" class=\"far fa-check-circle\"><\/i>\t\t\t\t<span>\r\n\t<strong>Moderne Flotte<\/strong>: Zuverl\u00e4ssige und leicht zu steuernde Boote (auch ohne F\u00fchrerschein bis 40 PS).<\/span><\/li>\t<li class=\"\">\r\n\t\t\t\t<i aria-hidden=\"true\" class=\"far fa-check-circle\"><\/i>\t\t\t\t<span>\r\n\t<strong>Komfort an Bord<\/strong>: Sonnendeck, Leiter, Sonnenschutz und komplette Sicherheitsausstattung.<\/span><\/li>\t<li class=\"\">\r\n\t\t\t\t<i aria-hidden=\"true\" class=\"far fa-check-circle\"><\/i>\t\t\t\t<span>\r\n\t<strong>Service<\/strong>: Einweisung vor der Abfahrt mit Routenvorschl\u00e4gen.<\/span><\/li><\/ul>\t\t\t\t<\/div>\n\t\t\t\t<\/div>\n\t\t\t\t<div class=\"elementor-element elementor-element-e15c4be elementor-widget elementor-widget-tm-ele-text-editor\" data-id=\"e15c4be\" data-element_type=\"widget\" data-e-type=\"widget\" data-widget_type=\"tm-ele-text-editor.default\">\n\t\t\t\t<div class=\"elementor-widget-container\">\n\t\t\t\t\t\t\t<div class=\"tm-text-editor\">\r\n\t\t<strong>Jetzt buchen<\/strong>  und Elba aus einer einzigartigen Perspektive entdecken.\t\t<\/div>\r\n\t\t\t\t\t<\/div>\n\t\t\t\t<\/div>\n\t\t\t\t<\/div>\n\t\t\t\t\t<\/div>\n\t\t\t\t<\/div>\n\t\t<div class=\"elementor-element elementor-element-42f0eb1 e-flex e-con-boxed tm-col-stretched-none tm-bg-color-over-image e-con e-child\" data-id=\"42f0eb1\" data-element_type=\"container\" data-e-type=\"container\">\n\t\t\t\t\t<div class=\"e-con-inner\">\n\t\t<div class=\"elementor-element elementor-element-1fde0b1 e-con-full tm-col-stretched-none e-flex tm-bg-color-over-image e-con e-child\" data-id=\"1fde0b1\" data-element_type=\"container\" data-e-type=\"container\" data-settings=\"{&quot;background_background&quot;:&quot;classic&quot;,&quot;animation&quot;:&quot;none&quot;}\">\n\t\t<div class=\"elementor-element elementor-element-421be46 e-flex e-con-boxed tm-col-stretched-none tm-bg-color-over-image e-con e-child\" data-id=\"421be46\" data-element_type=\"container\" data-e-type=\"container\">\n\t\t\t\t\t<div class=\"e-con-inner\">\n\t\t<div class=\"elementor-element elementor-element-6da942cc e-con-full e-flex tm-col-stretched-none tm-bg-color-over-image e-con e-child\" data-id=\"6da942cc\" data-element_type=\"container\" data-e-type=\"container\">\n\t\t\t\t<div class=\"elementor-element elementor-element-41e25f7d horizontal-line-align-left vertical-line-align-bottom elementor-widget elementor-widget-tm-ele-section-title\" data-id=\"41e25f7d\" data-element_type=\"widget\" data-e-type=\"widget\" data-widget_type=\"tm-ele-section-title.default\">\n\t\t\t\t<div class=\"elementor-widget-container\">\n\t\t\t\t\t<div class=\"tm-sc-section-title section-title \">\r\n\t<div class=\"title-wrapper\">\r\n\t\t\t\t\r\n\r\n<div class=\"sub-title-outer\">\r\n\t\t<div class=\"subtitle \">\r\n\r\n\t\t\r\n\t\tMietdauer: 2 Stunden, halber Tag oder ganzer Tag\t<\/div>\r\n\t<\/div>\t\t\t<h2 class=\"title tm-split-text split-in-right\">\r\n\r\n\t\t\r\n\t\t\t\t<span class=\"title-part1 \">Schlauchboote und Motorboote<\/span>\r\n\t\t\t\t\r\n\t\t\r\n\t<\/h2>\r\n\t<div class=\"title-seperator-line\"><\/div>\t\t\t\t\t\t<\/div>\r\n<\/div>\t\t\t\t<\/div>\n\t\t\t\t<\/div>\n\t\t\t\t<\/div>\n\t\t<div class=\"elementor-element elementor-element-38d383be tm-col-stretched-none e-con-full e-flex tm-bg-color-over-image e-con e-child\" data-id=\"38d383be\" data-element_type=\"container\" data-e-type=\"container\">\n\t\t\t\t<div class=\"elementor-element elementor-element-62b679cc elementor-widget elementor-widget-tm-ele-service-block\" data-id=\"62b679cc\" data-element_type=\"widget\" data-e-type=\"widget\" data-widget_type=\"tm-ele-service-block.skin-style3\">\n\t\t\t\t<div class=\"elementor-widget-container\">\n\t\t\t\t\t\t<div id=\"service-block-holder-966928\" class=\"tm-sc-service tm-service-carousel tm-swiper-container \" data-items=\"3\" data-space=\"30\" data-autoplay=\"false\" data-loop=\"false\" data-centered=\"false\" data-arrow=\"false\" data-bullets=\"true\" data-pagination-type=\"bullets\" data-xxl-items=\"3\" data-lg-items=\"3\" data-md-items=\"2\" data-sm-items=\"1\" data-xs-items=\"1\" data-speed=\"300\" data-freemod=\"false\" data-reversedir=\"false\">\r\n\t\t<div class=\"swiper-container-inner\">\r\n\t\t\t<div class=\"swiper-wrapper\">\r\n\t\t\t\t<!-- the loop -->\r\n\t\t\t\t\t\t\t\t\t\t\t\t\t\t\t\t\t\t\t<div class=\"swiper-slide elementor-repeater-item-e16886c \" data-wow-delay=\"\">\r\n\t\t\t\t\t\t<!-- Service Block Style1-->\r\n\t<div class=\"service-block-style3\">\r\n\t\t<div class=\"inner-box text-start\">\r\n\t\t\t<div class=\"image-box\">\r\n\t\t\t\t<div class=\"image\">\r\n          \r\n\t\t\r\n<div class=\"service-featured-img\">\r\n\t<img fetchpriority=\"high\" decoding=\"async\" src=\"https:\/\/www.rentnavigare.it\/wp-content\/uploads\/barca_enea-672x448.jpg\" width=\"672\" height=\"448\" alt=\"Barca Enea\">\r\n<\/div>\t\t\t\t<\/div>\r\n\t\t\t<\/div>\r\n\t\t\t<div class=\"content-box\">\r\n        \r\n\t\t<h4 class=\"service-title\">\r\n\t\t\t\t\tBoot Enica\t\t\t<\/h4>\r\n\t        \r\n\t\t\t\t<h5 class=\"service-subtitle\">\r\n\t\t\t\t\t\t\tOhne Lizenz\t\t\t\t\t<\/h5>\r\n\t\t        <div class=\"service-details\">\n                <ul class=\"list-style\">\n                  <li>L\u00e4nge <span>5.3 m<\/span><\/li>\n                  <li>Motor <span>40 hp<\/span><\/li>\n                  <li>Kapazit\u00e4t <span>6 personen<\/span><\/li>\n                <\/ul><\/div>\r\n\t\t\t<\/div>\r\n\t\t<\/div>\r\n\t<\/div>\t\t\t\t\t<\/div>\r\n\t\t\t\t\t\t\t\t\t\t\t\t\t\t\t\t\t\t\t<div class=\"swiper-slide elementor-repeater-item-5cfc943 \" data-wow-delay=\"\">\r\n\t\t\t\t\t\t<!-- Service Block Style1-->\r\n\t<div class=\"service-block-style3\">\r\n\t\t<div class=\"inner-box text-start\">\r\n\t\t\t<div class=\"image-box\">\r\n\t\t\t\t<div class=\"image\">\r\n          \r\n\t\t\r\n<div class=\"service-featured-img\">\r\n\t<img decoding=\"async\" src=\"https:\/\/www.rentnavigare.it\/wp-content\/uploads\/gommone_5m-672x448.jpg\" width=\"672\" height=\"448\" alt=\"Gommone 5 m\">\r\n<\/div>\t\t\t\t<\/div>\r\n\t\t\t<\/div>\r\n\t\t\t<div class=\"content-box\">\r\n        \r\n\t\t<h4 class=\"service-title\">\r\n\t\t\t\t\tSchlauchboot 5 m\t\t\t<\/h4>\r\n\t        \r\n\t\t\t\t<h5 class=\"service-subtitle\">\r\n\t\t\t\t\t\t\tOhne Lizenz\t\t\t\t\t<\/h5>\r\n\t\t        <div class=\"service-details\">\n                <ul class=\"list-style\">\n                  <li>L\u00e4nge <span>5 m<\/span><\/li>\n                  <li>Motor <span>40 hp<\/span><\/li>\n                  <li>Kapazit\u00e4t <span>4 personen<\/span><\/li>\n                <\/ul><\/div>\r\n\t\t\t<\/div>\r\n\t\t<\/div>\r\n\t<\/div>\t\t\t\t\t<\/div>\r\n\t\t\t\t\t\t\t\t\t\t\t\t\t\t\t\t\t\t\t<div class=\"swiper-slide elementor-repeater-item-67594f9 \" data-wow-delay=\"\">\r\n\t\t\t\t\t\t<!-- Service Block Style1-->\r\n\t<div class=\"service-block-style3\">\r\n\t\t<div class=\"inner-box text-start\">\r\n\t\t\t<div class=\"image-box\">\r\n\t\t\t\t<div class=\"image\">\r\n          \r\n\t\t\r\n<div class=\"service-featured-img\">\r\n\t<img decoding=\"async\" src=\"https:\/\/www.rentnavigare.it\/wp-content\/uploads\/gommone_5_7m-672x448.jpg\" width=\"672\" height=\"448\" alt=\"Gommone 5.7 m\">\r\n<\/div>\t\t\t\t<\/div>\r\n\t\t\t<\/div>\r\n\t\t\t<div class=\"content-box\">\r\n        \r\n\t\t<h4 class=\"service-title\">\r\n\t\t\t\t\tSchlauchboot 5.7 m\t\t\t<\/h4>\r\n\t        \r\n\t\t\t\t<h5 class=\"service-subtitle\">\r\n\t\t\t\t\t\t\tOhne Lizenz\t\t\t\t\t<\/h5>\r\n\t\t        <div class=\"service-details\">\n                <ul class=\"list-style\">\n                  <li>L\u00e4nge <span>5.7 m<\/span><\/li>\n                  <li>Motor <span>40 hp<\/span><\/li>\n                  <li>Kapazit\u00e4t <span>8 personen<\/span><\/li>\n                <\/ul><\/div>\r\n\t\t\t<\/div>\r\n\t\t<\/div>\r\n\t<\/div>\t\t\t\t\t<\/div>\r\n\t\t\t\t\t\t\t\t\t\t\t\t\t\t\t\t\t\t\t<div class=\"swiper-slide elementor-repeater-item-48e949e \" data-wow-delay=\"\">\r\n\t\t\t\t\t\t<!-- Service Block Style1-->\r\n\t<div class=\"service-block-style3\">\r\n\t\t<div class=\"inner-box text-start\">\r\n\t\t\t<div class=\"image-box\">\r\n\t\t\t\t<div class=\"image\">\r\n          \r\n\t\t\r\n<div class=\"service-featured-img\">\r\n\t<img loading=\"lazy\" decoding=\"async\" src=\"https:\/\/www.rentnavigare.it\/wp-content\/uploads\/gommone_7_5m-672x448.jpg\" width=\"672\" height=\"448\" alt=\"Gommone 7.5 m\">\r\n<\/div>\t\t\t\t<\/div>\r\n\t\t\t<\/div>\r\n\t\t\t<div class=\"content-box\">\r\n        \r\n\t\t<h4 class=\"service-title\">\r\n\t\t\t\t\tSchlauchboot 7.5 m\t\t\t<\/h4>\r\n\t        \r\n\t\t\t\t<h5 class=\"service-subtitle\">\r\n\t\t\t\t\t\t\tMit Lizenz\t\t\t\t\t<\/h5>\r\n\t\t        <div class=\"service-details\">\n                <ul class=\"list-style\">\n                  <li>L\u00e4nge <span>7.5 m<\/span><\/li>\n                  <li>Motor <span>250 hp<\/span><\/li>\n                  <li>Kapazit\u00e4t <span>12 personen<\/span><\/li>\n                <\/ul><\/div>\r\n\t\t\t<\/div>\r\n\t\t<\/div>\r\n\t<\/div>\t\t\t\t\t<\/div>\r\n\t\t\t\t\t\t\t\t<!-- end of the loop -->\r\n\t\t\t<\/div>\r\n\t\t<\/div>\r\n\r\n\t\t<div class=\"swiper-pagination \"><\/div>\r\n\r\n\t\t<div class=\"tm-swiper-arrow tm-swiper-button-wrap d-none\">\r\n\t\t\t<div class=\"tm-swiper-arrow tm-swiper-button-prev\"><i class=\"lnr-icon-arrow-left\"><\/i><\/div>\r\n\t\t\t<div class=\"tm-swiper-arrow tm-swiper-button-next\"><i class=\"lnr-icon-arrow-right\"><\/i><\/div>\r\n\t\t<\/div>\r\n\t<\/div>\r\n\r\n\t\t\t\t<\/div>\n\t\t\t\t<\/div>\n\t\t\t\t<\/div>\n\t\t\t\t\t<\/div>\n\t\t\t\t<\/div>\n\t\t\t\t<\/div>\n\t\t\t\t\t<\/div>\n\t\t\t\t<\/div>\n\t\t\t\t\t<\/div>\n\t\t\t\t<\/div>\n\t\t\t\t<\/div>\n\t\t","protected":false},"excerpt":{"rendered":"<p>Die Insel frei entdecken Bootsverleih Boots- und Schlauchbootverleih in Marina di Campo \u2013 Insel Elba Erleben Sie die S\u00fcdk\u00fcste der&#8230;<\/p>\n","protected":false},"author":1,"featured_media":0,"parent":0,"menu_order":1,"comment_status":"closed","ping_status":"closed","template":"","meta":{"rs_blank_template":"","rs_page_bg_color":"","slide_template_v7":"","_joinchat":[],"footnotes":""},"class_list":["post-12284","page","type-page","status-publish","hentry"],"yoast_head":"<!-- This site is optimized with the Yoast SEO plugin v27.4 - https:\/\/yoast.com\/product\/yoast-seo-wordpress\/ -->\n<title>Schlauchboot- und Bootsverleih - Rent Navigare - Marina di Campo, Insel Elba<\/title>\n<meta name=\"description\" content=\"Von Marina di Campo erreichen Sie schnell die Str\u00e4nde von Cavoli, Seccheto, Fetovaia, Lacona sowie die Blaue Grotte oder das Wrack von Pomonte.\" \/>\n<meta name=\"robots\" content=\"index, follow, max-snippet:-1, max-image-preview:large, max-video-preview:-1\" \/>\n<link rel=\"canonical\" href=\"https:\/\/www.rentnavigare.it\/de\/schlauchboot-und-bootsverleih\/\" \/>\n<meta property=\"og:locale\" content=\"de_DE\" \/>\n<meta property=\"og:type\" content=\"article\" \/>\n<meta property=\"og:title\" content=\"Schlauchboot- und Bootsverleih - Rent Navigare - Marina di Campo, Insel Elba\" \/>\n<meta property=\"og:description\" content=\"Von Marina di Campo erreichen Sie schnell die Str\u00e4nde von Cavoli, Seccheto, Fetovaia, Lacona sowie die Blaue Grotte oder das Wrack von Pomonte.\" \/>\n<meta property=\"og:url\" content=\"https:\/\/www.rentnavigare.it\/de\/schlauchboot-und-bootsverleih\/\" \/>\n<meta property=\"og:site_name\" content=\"Rent Navigare\" \/>\n<meta property=\"article:publisher\" content=\"https:\/\/www.facebook.com\/rent.navigare.elba\" \/>\n<meta property=\"article:modified_time\" content=\"2026-04-15T14:16:28+00:00\" \/>\n<meta property=\"og:image\" content=\"https:\/\/www.rentnavigare.it\/wp-content\/uploads\/barca_enea-672x448.jpg\" \/>\n<meta name=\"twitter:card\" content=\"summary_large_image\" \/>\n<script type=\"application\/ld+json\" class=\"yoast-schema-graph\">{\"@context\":\"https:\\\/\\\/schema.org\",\"@graph\":[{\"@type\":\"WebPage\",\"@id\":\"https:\\\/\\\/www.rentnavigare.it\\\/de\\\/schlauchboot-und-bootsverleih\\\/\",\"url\":\"https:\\\/\\\/www.rentnavigare.it\\\/de\\\/schlauchboot-und-bootsverleih\\\/\",\"name\":\"Schlauchboot- und Bootsverleih - Rent Navigare - Marina di Campo, Insel Elba\",\"isPartOf\":{\"@id\":\"https:\\\/\\\/www.rentnavigare.it\\\/de\\\/#website\"},\"primaryImageOfPage\":{\"@id\":\"https:\\\/\\\/www.rentnavigare.it\\\/de\\\/schlauchboot-und-bootsverleih\\\/#primaryimage\"},\"image\":{\"@id\":\"https:\\\/\\\/www.rentnavigare.it\\\/de\\\/schlauchboot-und-bootsverleih\\\/#primaryimage\"},\"thumbnailUrl\":\"https:\\\/\\\/www.rentnavigare.it\\\/wp-content\\\/uploads\\\/barca_enea-672x448.jpg\",\"datePublished\":\"2026-04-01T06:13:37+00:00\",\"dateModified\":\"2026-04-15T14:16:28+00:00\",\"description\":\"Von Marina di Campo erreichen Sie schnell die Str\u00e4nde von Cavoli, Seccheto, Fetovaia, Lacona sowie die Blaue Grotte oder das Wrack von Pomonte.\",\"breadcrumb\":{\"@id\":\"https:\\\/\\\/www.rentnavigare.it\\\/de\\\/schlauchboot-und-bootsverleih\\\/#breadcrumb\"},\"inLanguage\":\"de\",\"potentialAction\":[{\"@type\":\"ReadAction\",\"target\":[\"https:\\\/\\\/www.rentnavigare.it\\\/de\\\/schlauchboot-und-bootsverleih\\\/\"]}]},{\"@type\":\"ImageObject\",\"inLanguage\":\"de\",\"@id\":\"https:\\\/\\\/www.rentnavigare.it\\\/de\\\/schlauchboot-und-bootsverleih\\\/#primaryimage\",\"url\":\"https:\\\/\\\/www.rentnavigare.it\\\/wp-content\\\/uploads\\\/barca_enea-672x448.jpg\",\"contentUrl\":\"https:\\\/\\\/www.rentnavigare.it\\\/wp-content\\\/uploads\\\/barca_enea-672x448.jpg\"},{\"@type\":\"BreadcrumbList\",\"@id\":\"https:\\\/\\\/www.rentnavigare.it\\\/de\\\/schlauchboot-und-bootsverleih\\\/#breadcrumb\",\"itemListElement\":[{\"@type\":\"ListItem\",\"position\":1,\"name\":\"Home\",\"item\":\"https:\\\/\\\/www.rentnavigare.it\\\/de\\\/\"},{\"@type\":\"ListItem\",\"position\":2,\"name\":\"Schlauchboot- und Bootsverleih\"}]},{\"@type\":\"WebSite\",\"@id\":\"https:\\\/\\\/www.rentnavigare.it\\\/de\\\/#website\",\"url\":\"https:\\\/\\\/www.rentnavigare.it\\\/de\\\/\",\"name\":\"Rent Navigare\",\"description\":\"Schlauchbootverleih und Liegepl\u00e4tze in Marina di Campo, Insel Elba.\",\"publisher\":{\"@id\":\"https:\\\/\\\/www.rentnavigare.it\\\/de\\\/#organization\"},\"potentialAction\":[{\"@type\":\"SearchAction\",\"target\":{\"@type\":\"EntryPoint\",\"urlTemplate\":\"https:\\\/\\\/www.rentnavigare.it\\\/de\\\/?s={search_term_string}\"},\"query-input\":{\"@type\":\"PropertyValueSpecification\",\"valueRequired\":true,\"valueName\":\"search_term_string\"}}],\"inLanguage\":\"de\"},{\"@type\":\"Organization\",\"@id\":\"https:\\\/\\\/www.rentnavigare.it\\\/de\\\/#organization\",\"name\":\"Rent Navigare\",\"url\":\"https:\\\/\\\/www.rentnavigare.it\\\/de\\\/\",\"logo\":{\"@type\":\"ImageObject\",\"inLanguage\":\"de\",\"@id\":\"https:\\\/\\\/www.rentnavigare.it\\\/de\\\/#\\\/schema\\\/logo\\\/image\\\/\",\"url\":\"https:\\\/\\\/www.rentnavigare.it\\\/wp-content\\\/uploads\\\/rent_navigare_verti.png\",\"contentUrl\":\"https:\\\/\\\/www.rentnavigare.it\\\/wp-content\\\/uploads\\\/rent_navigare_verti.png\",\"width\":800,\"height\":723,\"caption\":\"Rent Navigare\"},\"image\":{\"@id\":\"https:\\\/\\\/www.rentnavigare.it\\\/de\\\/#\\\/schema\\\/logo\\\/image\\\/\"},\"sameAs\":[\"https:\\\/\\\/www.facebook.com\\\/rent.navigare.elba\"]}]}<\/script>\n<!-- \/ Yoast SEO plugin. -->","yoast_head_json":{"title":"Schlauchboot- und Bootsverleih - Rent Navigare - Marina di Campo, Insel Elba","description":"Von Marina di Campo erreichen Sie schnell die Str\u00e4nde von Cavoli, Seccheto, Fetovaia, Lacona sowie die Blaue Grotte oder das Wrack von Pomonte.","robots":{"index":"index","follow":"follow","max-snippet":"max-snippet:-1","max-image-preview":"max-image-preview:large","max-video-preview":"max-video-preview:-1"},"canonical":"https:\/\/www.rentnavigare.it\/de\/schlauchboot-und-bootsverleih\/","og_locale":"de_DE","og_type":"article","og_title":"Schlauchboot- und Bootsverleih - Rent Navigare - Marina di Campo, Insel Elba","og_description":"Von Marina di Campo erreichen Sie schnell die Str\u00e4nde von Cavoli, Seccheto, Fetovaia, Lacona sowie die Blaue Grotte oder das Wrack von Pomonte.","og_url":"https:\/\/www.rentnavigare.it\/de\/schlauchboot-und-bootsverleih\/","og_site_name":"Rent Navigare","article_publisher":"https:\/\/www.facebook.com\/rent.navigare.elba","article_modified_time":"2026-04-15T14:16:28+00:00","og_image":[{"url":"https:\/\/www.rentnavigare.it\/wp-content\/uploads\/barca_enea-672x448.jpg","type":"","width":"","height":""}],"twitter_card":"summary_large_image","schema":{"@context":"https:\/\/schema.org","@graph":[{"@type":"WebPage","@id":"https:\/\/www.rentnavigare.it\/de\/schlauchboot-und-bootsverleih\/","url":"https:\/\/www.rentnavigare.it\/de\/schlauchboot-und-bootsverleih\/","name":"Schlauchboot- und Bootsverleih - Rent Navigare - Marina di Campo, Insel Elba","isPartOf":{"@id":"https:\/\/www.rentnavigare.it\/de\/#website"},"primaryImageOfPage":{"@id":"https:\/\/www.rentnavigare.it\/de\/schlauchboot-und-bootsverleih\/#primaryimage"},"image":{"@id":"https:\/\/www.rentnavigare.it\/de\/schlauchboot-und-bootsverleih\/#primaryimage"},"thumbnailUrl":"https:\/\/www.rentnavigare.it\/wp-content\/uploads\/barca_enea-672x448.jpg","datePublished":"2026-04-01T06:13:37+00:00","dateModified":"2026-04-15T14:16:28+00:00","description":"Von Marina di Campo erreichen Sie schnell die Str\u00e4nde von Cavoli, Seccheto, Fetovaia, Lacona sowie die Blaue Grotte oder das Wrack von Pomonte.","breadcrumb":{"@id":"https:\/\/www.rentnavigare.it\/de\/schlauchboot-und-bootsverleih\/#breadcrumb"},"inLanguage":"de","potentialAction":[{"@type":"ReadAction","target":["https:\/\/www.rentnavigare.it\/de\/schlauchboot-und-bootsverleih\/"]}]},{"@type":"ImageObject","inLanguage":"de","@id":"https:\/\/www.rentnavigare.it\/de\/schlauchboot-und-bootsverleih\/#primaryimage","url":"https:\/\/www.rentnavigare.it\/wp-content\/uploads\/barca_enea-672x448.jpg","contentUrl":"https:\/\/www.rentnavigare.it\/wp-content\/uploads\/barca_enea-672x448.jpg"},{"@type":"BreadcrumbList","@id":"https:\/\/www.rentnavigare.it\/de\/schlauchboot-und-bootsverleih\/#breadcrumb","itemListElement":[{"@type":"ListItem","position":1,"name":"Home","item":"https:\/\/www.rentnavigare.it\/de\/"},{"@type":"ListItem","position":2,"name":"Schlauchboot- und Bootsverleih"}]},{"@type":"WebSite","@id":"https:\/\/www.rentnavigare.it\/de\/#website","url":"https:\/\/www.rentnavigare.it\/de\/","name":"Rent Navigare","description":"Schlauchbootverleih und Liegepl\u00e4tze in Marina di Campo, Insel Elba.","publisher":{"@id":"https:\/\/www.rentnavigare.it\/de\/#organization"},"potentialAction":[{"@type":"SearchAction","target":{"@type":"EntryPoint","urlTemplate":"https:\/\/www.rentnavigare.it\/de\/?s={search_term_string}"},"query-input":{"@type":"PropertyValueSpecification","valueRequired":true,"valueName":"search_term_string"}}],"inLanguage":"de"},{"@type":"Organization","@id":"https:\/\/www.rentnavigare.it\/de\/#organization","name":"Rent Navigare","url":"https:\/\/www.rentnavigare.it\/de\/","logo":{"@type":"ImageObject","inLanguage":"de","@id":"https:\/\/www.rentnavigare.it\/de\/#\/schema\/logo\/image\/","url":"https:\/\/www.rentnavigare.it\/wp-content\/uploads\/rent_navigare_verti.png","contentUrl":"https:\/\/www.rentnavigare.it\/wp-content\/uploads\/rent_navigare_verti.png","width":800,"height":723,"caption":"Rent Navigare"},"image":{"@id":"https:\/\/www.rentnavigare.it\/de\/#\/schema\/logo\/image\/"},"sameAs":["https:\/\/www.facebook.com\/rent.navigare.elba"]}]}},"_links":{"self":[{"href":"https:\/\/www.rentnavigare.it\/de\/wp-json\/wp\/v2\/pages\/12284","targetHints":{"allow":["GET"]}}],"collection":[{"href":"https:\/\/www.rentnavigare.it\/de\/wp-json\/wp\/v2\/pages"}],"about":[{"href":"https:\/\/www.rentnavigare.it\/de\/wp-json\/wp\/v2\/types\/page"}],"author":[{"embeddable":true,"href":"https:\/\/www.rentnavigare.it\/de\/wp-json\/wp\/v2\/users\/1"}],"replies":[{"embeddable":true,"href":"https:\/\/www.rentnavigare.it\/de\/wp-json\/wp\/v2\/comments?post=12284"}],"version-history":[{"count":4,"href":"https:\/\/www.rentnavigare.it\/de\/wp-json\/wp\/v2\/pages\/12284\/revisions"}],"predecessor-version":[{"id":12289,"href":"https:\/\/www.rentnavigare.it\/de\/wp-json\/wp\/v2\/pages\/12284\/revisions\/12289"}],"wp:attachment":[{"href":"https:\/\/www.rentnavigare.it\/de\/wp-json\/wp\/v2\/media?parent=12284"}],"curies":[{"name":"wp","href":"https:\/\/api.w.org\/{rel}","templated":true}]}}